{"id":9381,"date":"2022-11-07T13:28:47","date_gmt":"2022-11-07T11:28:47","guid":{"rendered":"https:\/\/headless.velbehagklinikk.no\/blogg\/?post_type=product&#038;p=9381"},"modified":"2026-03-23T16:57:31","modified_gmt":"2026-03-23T14:57:31","slug":"restylane","status":"publish","type":"product","link":"https:\/\/headless.velbehagklinikk.no\/blogg\/behandling\/restylane\/","title":{"rendered":"Restylane"},"content":{"rendered":"<p>Stram opp og gjenskape volum i ansikt med Restylane\u00ae. Vi behandler blant annet lepper, kjeve, kinnben og nasolabial linjer ved bruk av filler. <span style=\"font-weight: 400;\">V\u00e5re kvalifiserte terapeuter vil konsultere deg for \u00e5 finne den beste behandlingen for dine individuelle behov.<\/span><\/p>\n<p>Alle behandlinger med injeksjoner utf\u00f8res av erfarne leger eller kosmetiske sykepleier. Hos oss kan du f\u00f8le deg trygg i omgivelser fylt av etikk, ansvar og medisinskfaglig kompetanse.<\/p>\n","protected":false},"excerpt":{"rendered":"<p><span style=\"font-weight: 400;\">Restylane er en injeksjonsbehandling som gj\u00f8r det mulig \u00e5 fremheve og definere dine naturlige skj\u00f8nnhetstrekk.<\/span><\/p>\n","protected":false},"featured_media":12294,"comment_status":"closed","ping_status":"closed","template":"","meta":{"_acf_changed":false},"product_brand":[],"product_cat":[3848],"product_tag":[3855,3858,3879,3859,3856],"class_list":{"0":"post-9381","1":"product","2":"type-product","3":"status-publish","4":"has-post-thumbnail","6":"product_cat-behandlingsmeny","7":"product_tag-aldrende","8":"product_tag-arr","9":"product_tag-injeksjoner","10":"product_tag-slapp-hud","11":"product_tag-volumtap-i-ansiktet","13":"first","14":"instock","15":"shipping-taxable","16":"product-type-simple"},"acf":[],"_links":{"self":[{"href":"https:\/\/headless.velbehagklinikk.no\/blogg\/wp-json\/wp\/v2\/product\/9381","targetHints":{"allow":["GET"]}}],"collection":[{"href":"https:\/\/headless.velbehagklinikk.no\/blogg\/wp-json\/wp\/v2\/product"}],"about":[{"href":"https:\/\/headless.velbehagklinikk.no\/blogg\/wp-json\/wp\/v2\/types\/product"}],"replies":[{"embeddable":true,"href":"https:\/\/headless.velbehagklinikk.no\/blogg\/wp-json\/wp\/v2\/comments?post=9381"}],"wp:featuredmedia":[{"embeddable":true,"href":"https:\/\/headless.velbehagklinikk.no\/blogg\/wp-json\/wp\/v2\/media\/12294"}],"wp:attachment":[{"href":"https:\/\/headless.velbehagklinikk.no\/blogg\/wp-json\/wp\/v2\/media?parent=9381"}],"wp:term":[{"taxonomy":"product_brand","embeddable":true,"href":"https:\/\/headless.velbehagklinikk.no\/blogg\/wp-json\/wp\/v2\/product_brand?post=9381"},{"taxonomy":"product_cat","embeddable":true,"href":"https:\/\/headless.velbehagklinikk.no\/blogg\/wp-json\/wp\/v2\/product_cat?post=9381"},{"taxonomy":"product_tag","embeddable":true,"href":"https:\/\/headless.velbehagklinikk.no\/blogg\/wp-json\/wp\/v2\/product_tag?post=9381"}],"curies":[{"name":"wp","href":"https:\/\/api.w.org\/{rel}","templated":true}]}}