{"id":9564,"date":"2022-11-15T14:06:58","date_gmt":"2022-11-15T12:06:58","guid":{"rendered":"https:\/\/headless.velbehagklinikk.no\/blogg\/?post_type=product&#038;p=9564"},"modified":"2026-03-23T16:57:27","modified_gmt":"2026-03-23T14:57:27","slug":"profhilo","status":"publish","type":"product","link":"https:\/\/headless.velbehagklinikk.no\/blogg\/behandling\/profhilo\/","title":{"rendered":"Profhilo"},"content":{"rendered":"<p><span style=\"font-weight: 400;\">Profhilo er en bioremodellerende behandling som gir oppstramming uten \u00e5 tilf\u00f8re s\u00e6rlig volum til huden. Behandlingen best\u00e5r av en kur p\u00e5 2-3 ganger med ca. 30 dagers mellomrom. Deretter anbefales en behandling hver 5-6 m\u00e5ned for \u00e5 opprettholde resultatene. Profhilo inneholder en h\u00f8y dose av hyaluronsyre i b\u00e5de lav- og h\u00f8ymolekyl\u00e6r st\u00f8rrelse. Denne kombinasjonen gjenoppretter hudens fuktbalanse og forbedrer spensten ved \u00e5 \u00f8ke produksjonen av kollagen og elastin. Resultatet er en hud med fin gl\u00f8d. Det kan ta opptil 12 uker etter siste behandling f\u00f8r de st\u00f8rste resultatene blir synlige. Behandlingen passer for deg som trenger oppstramming, men som ikke har mange linjer. Den er ogs\u00e5 effektiv for \u00e5 forebygge hudaldring og kan brukes p\u00e5 alle omr\u00e5der av kroppen.<\/span><\/p>\n","protected":false},"excerpt":{"rendered":"<p><span style=\"font-weight: 400;\">F\u00f8ler du at huden din har tapt spenst og at huden er begynt \u00e5 bli slappere? <\/span><\/p>\n","protected":false},"featured_media":12298,"comment_status":"closed","ping_status":"closed","template":"","meta":{"_acf_changed":false},"product_brand":[],"product_cat":[3848],"product_tag":[3855,3873,3857,3863,3879,3870,3860,3868,3872,3859,3871,3867,3869,3856],"class_list":{"0":"post-9564","1":"product","2":"type-product","3":"status-publish","4":"has-post-thumbnail","6":"product_cat-behandlingsmeny","7":"product_tag-aldrende","8":"product_tag-aldrende-hud","9":"product_tag-fukttap","10":"product_tag-hudkvalitet","11":"product_tag-injeksjoner","12":"product_tag-kombinasjon","13":"product_tag-linjer-rynker","14":"product_tag-oljete","15":"product_tag-rodhet","16":"product_tag-slapp-hud","17":"product_tag-solskade","18":"product_tag-torr","19":"product_tag-ujevn","20":"product_tag-volumtap-i-ansiktet","22":"first","23":"instock","24":"shipping-taxable","25":"product-type-simple"},"acf":[],"_links":{"self":[{"href":"https:\/\/headless.velbehagklinikk.no\/blogg\/wp-json\/wp\/v2\/product\/9564","targetHints":{"allow":["GET"]}}],"collection":[{"href":"https:\/\/headless.velbehagklinikk.no\/blogg\/wp-json\/wp\/v2\/product"}],"about":[{"href":"https:\/\/headless.velbehagklinikk.no\/blogg\/wp-json\/wp\/v2\/types\/product"}],"replies":[{"embeddable":true,"href":"https:\/\/headless.velbehagklinikk.no\/blogg\/wp-json\/wp\/v2\/comments?post=9564"}],"wp:featuredmedia":[{"embeddable":true,"href":"https:\/\/headless.velbehagklinikk.no\/blogg\/wp-json\/wp\/v2\/media\/12298"}],"wp:attachment":[{"href":"https:\/\/headless.velbehagklinikk.no\/blogg\/wp-json\/wp\/v2\/media?parent=9564"}],"wp:term":[{"taxonomy":"product_brand","embeddable":true,"href":"https:\/\/headless.velbehagklinikk.no\/blogg\/wp-json\/wp\/v2\/product_brand?post=9564"},{"taxonomy":"product_cat","embeddable":true,"href":"https:\/\/headless.velbehagklinikk.no\/blogg\/wp-json\/wp\/v2\/product_cat?post=9564"},{"taxonomy":"product_tag","embeddable":true,"href":"https:\/\/headless.velbehagklinikk.no\/blogg\/wp-json\/wp\/v2\/product_tag?post=9564"}],"curies":[{"name":"wp","href":"https:\/\/api.w.org\/{rel}","templated":true}]}}