{"id":9566,"date":"2022-11-15T14:07:29","date_gmt":"2022-11-15T12:07:29","guid":{"rendered":"https:\/\/headless.velbehagklinikk.no\/blogg\/?post_type=product&#038;p=9566"},"modified":"2026-03-23T16:57:25","modified_gmt":"2026-03-23T14:57:25","slug":"restylane-skinbooster","status":"publish","type":"product","link":"https:\/\/headless.velbehagklinikk.no\/blogg\/behandling\/restylane-skinbooster\/","title":{"rendered":"Restylane skinbooster"},"content":{"rendered":"<p><span style=\"font-weight: 400;\">Restylane Skinbooster er en injeksjonsbehandling der sm\u00e5 dr\u00e5per hyaluronsyre p\u00e5f\u00f8res det \u00f8nskede omr\u00e5det. Hos Velbehag bruker vi Restylane Skinbooster. Denne skiller seg fra tradisjonell mesoterapi ved at hyaluronsyren i Restylane Skinbooster er kryssbundet. Dette gir litt volum til huden, glatter ut rynker og linjer, og varer lenger i huden, samtidig som det \u00f8ker kollagen- og elastinniv\u00e5ene. Behandlingen gjennomf\u00f8res som en kur p\u00e5 3 ganger med 3-4 ukers mellomrom, og deretter en vedlikeholdsbehandling ca. hver 6. m\u00e5ned. Mengden hyaluronsyre som trengs per behandling avhenger av hudens tilstand og st\u00f8rrelsen p\u00e5 omr\u00e5det som skal behandles, noe som kan vurderes sammen med behandleren din. Generelt sett trenger man minst 2 ml per behandling for \u00e5 behandle hele ansiktet. Behandlingen passer for deg som \u00f8nsker \u00e5 jevne ut linjer og rynker, har aknearr, eller vil tilf\u00f8re huden fukt og gl\u00f8d. De mest popul\u00e6re behandlingsomr\u00e5dene er ansikt, hals, dekollet\u00e9 og hender.<\/span><\/p>\n<p>Alle behandlinger med injeksjoner utf\u00f8res av erfarne leger eller kosmetiske sykepleier. Hos oss kan du f\u00f8le deg trygg i omgivelser fylt av etikk, ansvar og medisinskfaglig kompetanse.<\/p>\n","protected":false},"excerpt":{"rendered":"<p><span style=\"font-weight: 400;\">Sliter du med en t\u00f8rr hud og tapt gl\u00f8d? Skinbooster er en glimrende anti-age behandling som gir rikelig med fuktighet.<\/span><\/p>\n","protected":false},"featured_media":4303,"comment_status":"closed","ping_status":"closed","template":"","meta":{"_acf_changed":false},"product_brand":[],"product_cat":[3848],"product_tag":[3855,3873,3858,3857,3863,3879,3870,3860,3868,3872,3859,3871,3867,3869,3856],"class_list":{"0":"post-9566","1":"product","2":"type-product","3":"status-publish","4":"has-post-thumbnail","6":"product_cat-behandlingsmeny","7":"product_tag-aldrende","8":"product_tag-aldrende-hud","9":"product_tag-arr","10":"product_tag-fukttap","11":"product_tag-hudkvalitet","12":"product_tag-injeksjoner","13":"product_tag-kombinasjon","14":"product_tag-linjer-rynker","15":"product_tag-oljete","16":"product_tag-rodhet","17":"product_tag-slapp-hud","18":"product_tag-solskade","19":"product_tag-torr","20":"product_tag-ujevn","21":"product_tag-volumtap-i-ansiktet","23":"first","24":"instock","25":"shipping-taxable","26":"product-type-simple"},"acf":[],"_links":{"self":[{"href":"https:\/\/headless.velbehagklinikk.no\/blogg\/wp-json\/wp\/v2\/product\/9566","targetHints":{"allow":["GET"]}}],"collection":[{"href":"https:\/\/headless.velbehagklinikk.no\/blogg\/wp-json\/wp\/v2\/product"}],"about":[{"href":"https:\/\/headless.velbehagklinikk.no\/blogg\/wp-json\/wp\/v2\/types\/product"}],"replies":[{"embeddable":true,"href":"https:\/\/headless.velbehagklinikk.no\/blogg\/wp-json\/wp\/v2\/comments?post=9566"}],"wp:featuredmedia":[{"embeddable":true,"href":"https:\/\/headless.velbehagklinikk.no\/blogg\/wp-json\/wp\/v2\/media\/4303"}],"wp:attachment":[{"href":"https:\/\/headless.velbehagklinikk.no\/blogg\/wp-json\/wp\/v2\/media?parent=9566"}],"wp:term":[{"taxonomy":"product_brand","embeddable":true,"href":"https:\/\/headless.velbehagklinikk.no\/blogg\/wp-json\/wp\/v2\/product_brand?post=9566"},{"taxonomy":"product_cat","embeddable":true,"href":"https:\/\/headless.velbehagklinikk.no\/blogg\/wp-json\/wp\/v2\/product_cat?post=9566"},{"taxonomy":"product_tag","embeddable":true,"href":"https:\/\/headless.velbehagklinikk.no\/blogg\/wp-json\/wp\/v2\/product_tag?post=9566"}],"curies":[{"name":"wp","href":"https:\/\/api.w.org\/{rel}","templated":true}]}}