{"id":9568,"date":"2022-11-15T14:10:19","date_gmt":"2022-11-15T12:10:19","guid":{"rendered":"https:\/\/headless.velbehagklinikk.no\/blogg\/?post_type=product&#038;p=9568"},"modified":"2026-03-23T16:57:22","modified_gmt":"2026-03-23T14:57:22","slug":"dermapen","status":"publish","type":"product","link":"https:\/\/headless.velbehagklinikk.no\/blogg\/behandling\/dermapen\/","title":{"rendered":"Dermapen"},"content":{"rendered":"<p><span style=\"font-weight: 400;\">Dermapen er en fantastisk hudbehandling som gang p\u00e5 gang imponerer med sine resultater. Det dannes sm\u00e5 mikrokanaler i huden for \u00e5 stimulere til produksjon av kollagen. Dette gj\u00f8r at vitaminer og n\u00e6ringsstoffer mer effektivt kan levere ned i huden og til cellene. Resultatet blir en jevnere hudtone og fastere hud som f\u00f8lger av ny cellevekst og \u00f8kt kollagen i huden. Vi skreddersyr et hjemmeprogram tilpasset din hudtype og de tilstandene som du \u00f8nsker \u00e5 forbedre.\u00a0<\/span><\/p>\n<p><span style=\"font-weight: 400;\">Indikasjoner som kan behandles\u00a0<\/span><\/p>\n<ul>\n<li style=\"font-weight: 400;\" aria-level=\"1\"><span style=\"font-weight: 400;\">Pigmenteriner<\/span><\/li>\n<li style=\"font-weight: 400;\" aria-level=\"1\"><span style=\"font-weight: 400;\">Rosacea<\/span><\/li>\n<li style=\"font-weight: 400;\" aria-level=\"1\"><span style=\"font-weight: 400;\">Gr\u00e5\/gusten hudtone<\/span><\/li>\n<li style=\"font-weight: 400;\" aria-level=\"1\"><span style=\"font-weight: 400;\">Store porer<\/span><\/li>\n<li style=\"font-weight: 400;\" aria-level=\"1\"><span style=\"font-weight: 400;\">Arr\/akne arr<\/span><\/li>\n<li style=\"font-weight: 400;\" aria-level=\"1\"><span style=\"font-weight: 400;\">Fine linjer og rynker<\/span><\/li>\n<li style=\"font-weight: 400;\" aria-level=\"1\"><span style=\"font-weight: 400;\">Strekkmerker<\/span><\/li>\n<li style=\"font-weight: 400;\" aria-level=\"1\"><span style=\"font-weight: 400;\">Brannskade<\/span><\/li>\n<\/ul>\n","protected":false},"excerpt":{"rendered":"<p><span style=\"font-weight: 400;\">Sliter du med linjer, arr, pigmenteringer eller ujevn hud? Eller kanskje du bare \u00f8nsker en ny gl\u00f8d? Da er Dermapen l\u00f8sningen for deg.<\/span><\/p>\n","protected":false},"featured_media":12299,"comment_status":"closed","ping_status":"closed","template":"","meta":{"_acf_changed":false},"product_brand":[],"product_cat":[3848],"product_tag":[3853,3855,3873,3858,3857,3863,3880,3870,3860,3868,3862,3872,3859,3871,3867,3869],"class_list":{"0":"post-9568","1":"product","2":"type-product","3":"status-publish","4":"has-post-thumbnail","6":"product_cat-behandlingsmeny","7":"product_tag-akne","8":"product_tag-aldrende","9":"product_tag-aldrende-hud","10":"product_tag-arr","11":"product_tag-fukttap","12":"product_tag-hudkvalitet","13":"product_tag-hudpleie","14":"product_tag-kombinasjon","15":"product_tag-linjer-rynker","16":"product_tag-oljete","17":"product_tag-pigmentflekker","18":"product_tag-rodhet","19":"product_tag-slapp-hud","20":"product_tag-solskade","21":"product_tag-torr","22":"product_tag-ujevn","24":"first","25":"instock","26":"shipping-taxable","27":"product-type-simple"},"acf":[],"_links":{"self":[{"href":"https:\/\/headless.velbehagklinikk.no\/blogg\/wp-json\/wp\/v2\/product\/9568","targetHints":{"allow":["GET"]}}],"collection":[{"href":"https:\/\/headless.velbehagklinikk.no\/blogg\/wp-json\/wp\/v2\/product"}],"about":[{"href":"https:\/\/headless.velbehagklinikk.no\/blogg\/wp-json\/wp\/v2\/types\/product"}],"replies":[{"embeddable":true,"href":"https:\/\/headless.velbehagklinikk.no\/blogg\/wp-json\/wp\/v2\/comments?post=9568"}],"wp:featuredmedia":[{"embeddable":true,"href":"https:\/\/headless.velbehagklinikk.no\/blogg\/wp-json\/wp\/v2\/media\/12299"}],"wp:attachment":[{"href":"https:\/\/headless.velbehagklinikk.no\/blogg\/wp-json\/wp\/v2\/media?parent=9568"}],"wp:term":[{"taxonomy":"product_brand","embeddable":true,"href":"https:\/\/headless.velbehagklinikk.no\/blogg\/wp-json\/wp\/v2\/product_brand?post=9568"},{"taxonomy":"product_cat","embeddable":true,"href":"https:\/\/headless.velbehagklinikk.no\/blogg\/wp-json\/wp\/v2\/product_cat?post=9568"},{"taxonomy":"product_tag","embeddable":true,"href":"https:\/\/headless.velbehagklinikk.no\/blogg\/wp-json\/wp\/v2\/product_tag?post=9568"}],"curies":[{"name":"wp","href":"https:\/\/api.w.org\/{rel}","templated":true}]}}