{"id":9569,"date":"2022-11-15T14:15:49","date_gmt":"2022-11-15T12:15:49","guid":{"rendered":"https:\/\/headless.velbehagklinikk.no\/blogg\/?post_type=product&#038;p=9569"},"modified":"2026-03-23T16:57:21","modified_gmt":"2026-03-23T14:57:21","slug":"green-peel","status":"publish","type":"product","link":"https:\/\/headless.velbehagklinikk.no\/blogg\/behandling\/green-peel\/","title":{"rendered":"Green Peel"},"content":{"rendered":"<p><span style=\"font-weight: 400;\">Green Peel er en unik behandling som gir huden din en dyprens og forbedrer dens generelle utseende. V\u00e5re dyktige terapeuter vil bruke en spesiell formel med urteekstrakter og planteekstrakter for \u00e5 eksfoliere huden din og fjerne d\u00f8de hudceller og overfl\u00f8dig olje, slik at huden din kan se mer frisk og gl\u00f8dende ut. Green Peel kan ogs\u00e5 bidra til \u00e5 redusere synlige tegn p\u00e5 aldring, solskader og ujevn hudfarge.\u00a0<\/span><\/p>\n","protected":false},"excerpt":{"rendered":"<p><span style=\"font-weight: 400;\">Green Peel er basert p\u00e5 100% naturlige virkestoffer. Green Peel gir \u00f8kt styrke, sunnhet og spenst til huden<\/span><\/p>\n","protected":false},"featured_media":12300,"comment_status":"closed","ping_status":"closed","template":"","meta":{"_acf_changed":false},"product_brand":[],"product_cat":[3848],"product_tag":[3853,3855,3873,3858,3857,3863,3880,3870,3860,3868,3862,3872,3859,3871,3867,3869],"class_list":{"0":"post-9569","1":"product","2":"type-product","3":"status-publish","4":"has-post-thumbnail","6":"product_cat-behandlingsmeny","7":"product_tag-akne","8":"product_tag-aldrende","9":"product_tag-aldrende-hud","10":"product_tag-arr","11":"product_tag-fukttap","12":"product_tag-hudkvalitet","13":"product_tag-hudpleie","14":"product_tag-kombinasjon","15":"product_tag-linjer-rynker","16":"product_tag-oljete","17":"product_tag-pigmentflekker","18":"product_tag-rodhet","19":"product_tag-slapp-hud","20":"product_tag-solskade","21":"product_tag-torr","22":"product_tag-ujevn","24":"first","25":"instock","26":"shipping-taxable","27":"product-type-simple"},"acf":[],"_links":{"self":[{"href":"https:\/\/headless.velbehagklinikk.no\/blogg\/wp-json\/wp\/v2\/product\/9569","targetHints":{"allow":["GET"]}}],"collection":[{"href":"https:\/\/headless.velbehagklinikk.no\/blogg\/wp-json\/wp\/v2\/product"}],"about":[{"href":"https:\/\/headless.velbehagklinikk.no\/blogg\/wp-json\/wp\/v2\/types\/product"}],"replies":[{"embeddable":true,"href":"https:\/\/headless.velbehagklinikk.no\/blogg\/wp-json\/wp\/v2\/comments?post=9569"}],"wp:featuredmedia":[{"embeddable":true,"href":"https:\/\/headless.velbehagklinikk.no\/blogg\/wp-json\/wp\/v2\/media\/12300"}],"wp:attachment":[{"href":"https:\/\/headless.velbehagklinikk.no\/blogg\/wp-json\/wp\/v2\/media?parent=9569"}],"wp:term":[{"taxonomy":"product_brand","embeddable":true,"href":"https:\/\/headless.velbehagklinikk.no\/blogg\/wp-json\/wp\/v2\/product_brand?post=9569"},{"taxonomy":"product_cat","embeddable":true,"href":"https:\/\/headless.velbehagklinikk.no\/blogg\/wp-json\/wp\/v2\/product_cat?post=9569"},{"taxonomy":"product_tag","embeddable":true,"href":"https:\/\/headless.velbehagklinikk.no\/blogg\/wp-json\/wp\/v2\/product_tag?post=9569"}],"curies":[{"name":"wp","href":"https:\/\/api.w.org\/{rel}","templated":true}]}}