{"id":9570,"date":"2022-11-15T14:16:45","date_gmt":"2022-11-15T12:16:45","guid":{"rendered":"https:\/\/headless.velbehagklinikk.no\/blogg\/?post_type=product&#038;p=9570"},"modified":"2026-03-23T16:57:19","modified_gmt":"2026-03-23T14:57:19","slug":"pigmentbehandling","status":"publish","type":"product","link":"https:\/\/headless.velbehagklinikk.no\/blogg\/behandling\/pigmentbehandling\/","title":{"rendered":"Pigmentbehandling"},"content":{"rendered":"<p><span style=\"font-weight: 400;\">Pigmentbehandling er en behandling som kan bidra til \u00e5 redusere ujevn hudfarge og gi huden din et jevnere og mer naturlig utseende. V\u00e5re dyktige terapeuter vil bruke en spesiell formel for \u00e5 jevne ut hudtonen og bekjempe pigmentflekker, slik at huden din kan se mer frisk og gl\u00f8dende ut. Pigmentbehandling kan ogs\u00e5 bidra til \u00e5 redusere synlige tegn p\u00e5 aldring og solskader.\u00a0<\/span><\/p>\n","protected":false},"excerpt":{"rendered":"<p><span style=\"font-weight: 400;\">Opplever du m\u00f8rke flekker i ansiktet? Pigmentering i huden er et av de vanligste hudproblemene hos kvinner.<\/span><\/p>\n","protected":false},"featured_media":9734,"comment_status":"closed","ping_status":"closed","template":"","meta":{"_acf_changed":false},"product_brand":[],"product_cat":[3848],"product_tag":[3855,3863,3880,3870,3868,3862,3872,3871,3874,3867,3869],"class_list":{"0":"post-9570","1":"product","2":"type-product","3":"status-publish","4":"has-post-thumbnail","6":"product_cat-behandlingsmeny","7":"product_tag-aldrende","8":"product_tag-hudkvalitet","9":"product_tag-hudpleie","10":"product_tag-kombinasjon","11":"product_tag-oljete","12":"product_tag-pigmentflekker","13":"product_tag-rodhet","14":"product_tag-solskade","15":"product_tag-svette","16":"product_tag-torr","17":"product_tag-ujevn","19":"first","20":"instock","21":"shipping-taxable","22":"product-type-simple"},"acf":[],"_links":{"self":[{"href":"https:\/\/headless.velbehagklinikk.no\/blogg\/wp-json\/wp\/v2\/product\/9570","targetHints":{"allow":["GET"]}}],"collection":[{"href":"https:\/\/headless.velbehagklinikk.no\/blogg\/wp-json\/wp\/v2\/product"}],"about":[{"href":"https:\/\/headless.velbehagklinikk.no\/blogg\/wp-json\/wp\/v2\/types\/product"}],"replies":[{"embeddable":true,"href":"https:\/\/headless.velbehagklinikk.no\/blogg\/wp-json\/wp\/v2\/comments?post=9570"}],"wp:featuredmedia":[{"embeddable":true,"href":"https:\/\/headless.velbehagklinikk.no\/blogg\/wp-json\/wp\/v2\/media\/9734"}],"wp:attachment":[{"href":"https:\/\/headless.velbehagklinikk.no\/blogg\/wp-json\/wp\/v2\/media?parent=9570"}],"wp:term":[{"taxonomy":"product_brand","embeddable":true,"href":"https:\/\/headless.velbehagklinikk.no\/blogg\/wp-json\/wp\/v2\/product_brand?post=9570"},{"taxonomy":"product_cat","embeddable":true,"href":"https:\/\/headless.velbehagklinikk.no\/blogg\/wp-json\/wp\/v2\/product_cat?post=9570"},{"taxonomy":"product_tag","embeddable":true,"href":"https:\/\/headless.velbehagklinikk.no\/blogg\/wp-json\/wp\/v2\/product_tag?post=9570"}],"curies":[{"name":"wp","href":"https:\/\/api.w.org\/{rel}","templated":true}]}}