{"id":9571,"date":"2022-11-15T14:17:21","date_gmt":"2022-11-15T12:17:21","guid":{"rendered":"https:\/\/headless.velbehagklinikk.no\/blogg\/?post_type=product&#038;p=9571"},"modified":"2026-03-23T16:57:17","modified_gmt":"2026-03-23T14:57:17","slug":"kjemisk-peeling","status":"publish","type":"product","link":"https:\/\/headless.velbehagklinikk.no\/blogg\/behandling\/kjemisk-peeling\/","title":{"rendered":"Kjemisk peeling"},"content":{"rendered":"<p><span style=\"font-weight: 400;\">Kjemisk peeling er en behandling som gir huden din en dyprens og forbedrer dens generelle utseende. V\u00e5re dyktige terapeuter vil bruke en spesiell formel med syrer for \u00e5 eksfoliere huden din og fjerne d\u00f8de hudceller og overfl\u00f8dig olje, slik at huden din kan se mer frisk og gl\u00f8dende ut. Kjemisk peeling kan ogs\u00e5 bidra til \u00e5 redusere synlige tegn p\u00e5 aldring, solskader og ujevn hudfarge. Bestill din behandling i dag og la oss hjelpe deg med \u00e5 fornye huden din.<\/span><\/p>\n","protected":false},"excerpt":{"rendered":"<p><span style=\"font-weight: 400;\">Kjemisk peeling er en trygg, effektiv og popul\u00e6r behandling som resulterer i hudforbedring. <\/span><\/p>\n","protected":false},"featured_media":9733,"comment_status":"closed","ping_status":"closed","template":"","meta":{"_acf_changed":false},"product_brand":[],"product_cat":[3848],"product_tag":[3853,3855,3873,3858,3857,3880,3870,3860,3868,3862,3859,3871,3867,3869],"class_list":{"0":"post-9571","1":"product","2":"type-product","3":"status-publish","4":"has-post-thumbnail","6":"product_cat-behandlingsmeny","7":"product_tag-akne","8":"product_tag-aldrende","9":"product_tag-aldrende-hud","10":"product_tag-arr","11":"product_tag-fukttap","12":"product_tag-hudpleie","13":"product_tag-kombinasjon","14":"product_tag-linjer-rynker","15":"product_tag-oljete","16":"product_tag-pigmentflekker","17":"product_tag-slapp-hud","18":"product_tag-solskade","19":"product_tag-torr","20":"product_tag-ujevn","22":"first","23":"instock","24":"shipping-taxable","25":"product-type-simple"},"acf":[],"_links":{"self":[{"href":"https:\/\/headless.velbehagklinikk.no\/blogg\/wp-json\/wp\/v2\/product\/9571","targetHints":{"allow":["GET"]}}],"collection":[{"href":"https:\/\/headless.velbehagklinikk.no\/blogg\/wp-json\/wp\/v2\/product"}],"about":[{"href":"https:\/\/headless.velbehagklinikk.no\/blogg\/wp-json\/wp\/v2\/types\/product"}],"replies":[{"embeddable":true,"href":"https:\/\/headless.velbehagklinikk.no\/blogg\/wp-json\/wp\/v2\/comments?post=9571"}],"wp:featuredmedia":[{"embeddable":true,"href":"https:\/\/headless.velbehagklinikk.no\/blogg\/wp-json\/wp\/v2\/media\/9733"}],"wp:attachment":[{"href":"https:\/\/headless.velbehagklinikk.no\/blogg\/wp-json\/wp\/v2\/media?parent=9571"}],"wp:term":[{"taxonomy":"product_brand","embeddable":true,"href":"https:\/\/headless.velbehagklinikk.no\/blogg\/wp-json\/wp\/v2\/product_brand?post=9571"},{"taxonomy":"product_cat","embeddable":true,"href":"https:\/\/headless.velbehagklinikk.no\/blogg\/wp-json\/wp\/v2\/product_cat?post=9571"},{"taxonomy":"product_tag","embeddable":true,"href":"https:\/\/headless.velbehagklinikk.no\/blogg\/wp-json\/wp\/v2\/product_tag?post=9571"}],"curies":[{"name":"wp","href":"https:\/\/api.w.org\/{rel}","templated":true}]}}