{"id":9572,"date":"2022-11-15T14:17:51","date_gmt":"2022-11-15T12:17:51","guid":{"rendered":"https:\/\/headless.velbehagklinikk.no\/blogg\/?post_type=product&#038;p=9572"},"modified":"2026-03-23T16:57:15","modified_gmt":"2026-03-23T14:57:15","slug":"klassisk-hudpleie","status":"publish","type":"product","link":"https:\/\/headless.velbehagklinikk.no\/blogg\/behandling\/klassisk-hudpleie\/","title":{"rendered":"Klassisk hudpleie"},"content":{"rendered":"<p><span style=\"font-weight: 400;\">Klassisk hudpleie er en behandling som gir huden din den grundige og omfattende pleien den trenger. V\u00e5re dyktige terapeuter vil bruke aktive ingredienser for \u00e5 rense, eksfoliere, massere og n\u00e6re huden din, slik at den kan se mer frisk, gl\u00f8dende og velpleid ut. La oss hjelpe deg med \u00e5 gi huden din den pleien den fortjener. Bestill din behandling i dag og opplev forskjellen.<\/span><\/p>\n","protected":false},"excerpt":{"rendered":"<p><span style=\"font-weight: 400;\">Hudpleie tilpasset din hudtype og dine behov. Etter behandlingen kan du forvente en fantastisk gl\u00f8d og boost i huden.<\/span><\/p>\n","protected":false},"featured_media":12301,"comment_status":"closed","ping_status":"closed","template":"","meta":{"_acf_changed":false},"product_brand":[],"product_cat":[3848],"product_tag":[3855,3857,3863,3880,3870,3868,3871,3867,3869],"class_list":{"0":"post-9572","1":"product","2":"type-product","3":"status-publish","4":"has-post-thumbnail","6":"product_cat-behandlingsmeny","7":"product_tag-aldrende","8":"product_tag-fukttap","9":"product_tag-hudkvalitet","10":"product_tag-hudpleie","11":"product_tag-kombinasjon","12":"product_tag-oljete","13":"product_tag-solskade","14":"product_tag-torr","15":"product_tag-ujevn","17":"first","18":"instock","19":"shipping-taxable","20":"product-type-simple"},"acf":[],"_links":{"self":[{"href":"https:\/\/headless.velbehagklinikk.no\/blogg\/wp-json\/wp\/v2\/product\/9572","targetHints":{"allow":["GET"]}}],"collection":[{"href":"https:\/\/headless.velbehagklinikk.no\/blogg\/wp-json\/wp\/v2\/product"}],"about":[{"href":"https:\/\/headless.velbehagklinikk.no\/blogg\/wp-json\/wp\/v2\/types\/product"}],"replies":[{"embeddable":true,"href":"https:\/\/headless.velbehagklinikk.no\/blogg\/wp-json\/wp\/v2\/comments?post=9572"}],"wp:featuredmedia":[{"embeddable":true,"href":"https:\/\/headless.velbehagklinikk.no\/blogg\/wp-json\/wp\/v2\/media\/12301"}],"wp:attachment":[{"href":"https:\/\/headless.velbehagklinikk.no\/blogg\/wp-json\/wp\/v2\/media?parent=9572"}],"wp:term":[{"taxonomy":"product_brand","embeddable":true,"href":"https:\/\/headless.velbehagklinikk.no\/blogg\/wp-json\/wp\/v2\/product_brand?post=9572"},{"taxonomy":"product_cat","embeddable":true,"href":"https:\/\/headless.velbehagklinikk.no\/blogg\/wp-json\/wp\/v2\/product_cat?post=9572"},{"taxonomy":"product_tag","embeddable":true,"href":"https:\/\/headless.velbehagklinikk.no\/blogg\/wp-json\/wp\/v2\/product_tag?post=9572"}],"curies":[{"name":"wp","href":"https:\/\/api.w.org\/{rel}","templated":true}]}}