{"id":9574,"date":"2022-11-15T14:18:59","date_gmt":"2022-11-15T12:18:59","guid":{"rendered":"https:\/\/headless.velbehagklinikk.no\/blogg\/?post_type=product&#038;p=9574"},"modified":"2026-03-23T16:57:13","modified_gmt":"2026-03-23T14:57:13","slug":"fotpleie","status":"publish","type":"product","link":"https:\/\/headless.velbehagklinikk.no\/blogg\/behandling\/fotpleie\/","title":{"rendered":"Fotpleie"},"content":{"rendered":"<p><span style=\"font-weight: 400;\">I en hektisk hverdag belastes f\u00f8ttene v\u00e5re p\u00e5 ulikt vis, og det er vanlig at b\u00e5de hud og negler trenger et stell.<\/span><\/p>\n<p><span style=\"font-weight: 400;\">En medisinsk fotpleie-behandling utf\u00f8res av en autorisert fotterapeut. Her er det din fothelse som st\u00e5r i fokus. Trenger du behandling av torner, vorter, inngrodde negler eller har du behov for stell av dine f\u00f8tter? Vi har ferdighetene og kunnskapen for at dine f\u00f8tter skal kjennes myke og friske.\u00a0<\/span><\/p>\n<p><span style=\"font-weight: 400;\">Medisinsk fotpleie tar sikte p\u00e5 \u00e5 kartlegge, behandle og opprettholde god fothelse slik at dine f\u00f8tter bedre t\u00e5ler hverdagens belastning. V\u00e5r autoriserte fotterapeut vil tilpasse behandlingen til dine behov og \u00f8nsker. Behandlingen kombineres med massasje for \u00e5 stimulere til \u00f8kt blodsirkulasjon. Effekten vil v\u00e6re mykere f\u00f8tter og friske negler. Dette er en behandling som passer utmerket for deg som ikke kommer til for \u00e5 stelle egne f\u00f8tter, eller for deg som \u00f8nsker \u00e5 forebygge fremtidige fotproblemer. Dessuten er dette en fin m\u00e5te \u00e5 tilf\u00f8re til ekstra velv\u00e6re i hverdagen.<\/span><\/p>\n<p><strong>Indikasjoner som kan behandles<\/strong><\/p>\n<ul>\n<li style=\"font-weight: 400;\" aria-level=\"1\"><span style=\"font-weight: 400;\">Torner<\/span><\/li>\n<li style=\"font-weight: 400;\" aria-level=\"1\"><span style=\"font-weight: 400;\">Vorter<\/span><\/li>\n<li style=\"font-weight: 400;\" aria-level=\"1\"><span style=\"font-weight: 400;\">Inngrodde negler<\/span><\/li>\n<li style=\"font-weight: 400;\" aria-level=\"1\"><span style=\"font-weight: 400;\">Hard hud<\/span><\/li>\n<li style=\"font-weight: 400;\" aria-level=\"1\"><span style=\"font-weight: 400;\">Tykke eller por\u00f8se negler<\/span><\/li>\n<\/ul>\n<p>Vi gj\u00f8r oppmerksom p\u00e5 at vi kun har autoriserte fotterapeuter i utvalgte klinikker. Se utvalget ved \u00e5 trykke p\u00e5 &laquo;bestill time&raquo;.<\/p>\n","protected":false},"excerpt":{"rendered":"<p><span style=\"font-weight: 400;\">I en hektisk hverdag belastes f\u00f8ttene v\u00e5re p\u00e5 ulikt vis, og det er vanlig at b\u00e5de hud og negler trenger et stell.<\/span><\/p>\n","protected":false},"featured_media":12303,"comment_status":"closed","ping_status":"closed","template":"","meta":{"_acf_changed":false},"product_brand":[],"product_cat":[3848],"product_tag":[3882],"class_list":{"0":"post-9574","1":"product","2":"type-product","3":"status-publish","4":"has-post-thumbnail","6":"product_cat-behandlingsmeny","7":"product_tag-fotpleie","9":"first","10":"instock","11":"shipping-taxable","12":"product-type-simple"},"acf":[],"_links":{"self":[{"href":"https:\/\/headless.velbehagklinikk.no\/blogg\/wp-json\/wp\/v2\/product\/9574","targetHints":{"allow":["GET"]}}],"collection":[{"href":"https:\/\/headless.velbehagklinikk.no\/blogg\/wp-json\/wp\/v2\/product"}],"about":[{"href":"https:\/\/headless.velbehagklinikk.no\/blogg\/wp-json\/wp\/v2\/types\/product"}],"replies":[{"embeddable":true,"href":"https:\/\/headless.velbehagklinikk.no\/blogg\/wp-json\/wp\/v2\/comments?post=9574"}],"wp:featuredmedia":[{"embeddable":true,"href":"https:\/\/headless.velbehagklinikk.no\/blogg\/wp-json\/wp\/v2\/media\/12303"}],"wp:attachment":[{"href":"https:\/\/headless.velbehagklinikk.no\/blogg\/wp-json\/wp\/v2\/media?parent=9574"}],"wp:term":[{"taxonomy":"product_brand","embeddable":true,"href":"https:\/\/headless.velbehagklinikk.no\/blogg\/wp-json\/wp\/v2\/product_brand?post=9574"},{"taxonomy":"product_cat","embeddable":true,"href":"https:\/\/headless.velbehagklinikk.no\/blogg\/wp-json\/wp\/v2\/product_cat?post=9574"},{"taxonomy":"product_tag","embeddable":true,"href":"https:\/\/headless.velbehagklinikk.no\/blogg\/wp-json\/wp\/v2\/product_tag?post=9574"}],"curies":[{"name":"wp","href":"https:\/\/api.w.org\/{rel}","templated":true}]}}