{"id":9575,"date":"2022-11-15T14:19:40","date_gmt":"2022-11-15T12:19:40","guid":{"rendered":"https:\/\/headless.velbehagklinikk.no\/blogg\/?post_type=product&#038;p=9575"},"modified":"2026-03-23T16:57:12","modified_gmt":"2026-03-23T14:57:12","slug":"pedikyr","status":"publish","type":"product","link":"https:\/\/headless.velbehagklinikk.no\/blogg\/behandling\/pedikyr\/","title":{"rendered":"Pedikyr"},"content":{"rendered":"<p>\u00d8nsker du lakk som fresher opp f\u00f8ttene? Vi tilbyr pedikyr med shellac (ikke fransk) inkludert stell av negler.<\/p>\n<p>Du velger selv fargen som passer. Du velger selv hvilken farge du \u00f8nsker for at du skal ta deg like godt ut barfot eller i sandaler.<\/p>\n<p>Shellac er en blanding av gele-lakk og neglelakk. Den er tykkere enn en vanlig lakk, som gj\u00f8r holdbarheten lengre og glansen flottere. Den bygger neglen opp og jevner ut ujevnheter p\u00e5 negleb\u00e5ndene. Lakken herdes i UV-lampe. Holdbarhet p\u00e5 2-5 uker. Pedikyr shellac utf\u00f8res av autorisert fotterapeut eller hudterapeut.<\/p>\n","protected":false},"excerpt":{"rendered":"<p><span style=\"font-weight: 400;\">\u00d8nsker du lakk som fresher opp f\u00f8ttene? Vi tilbyr pedikyr med shellac (ikke fransk) inkludert stell av negler.<\/span><\/p>\n","protected":false},"featured_media":12302,"comment_status":"closed","ping_status":"closed","template":"","meta":{"_acf_changed":false},"product_brand":[],"product_cat":[3848],"product_tag":[3882],"class_list":{"0":"post-9575","1":"product","2":"type-product","3":"status-publish","4":"has-post-thumbnail","6":"product_cat-behandlingsmeny","7":"product_tag-fotpleie","9":"first","10":"instock","11":"shipping-taxable","12":"product-type-simple"},"acf":[],"_links":{"self":[{"href":"https:\/\/headless.velbehagklinikk.no\/blogg\/wp-json\/wp\/v2\/product\/9575","targetHints":{"allow":["GET"]}}],"collection":[{"href":"https:\/\/headless.velbehagklinikk.no\/blogg\/wp-json\/wp\/v2\/product"}],"about":[{"href":"https:\/\/headless.velbehagklinikk.no\/blogg\/wp-json\/wp\/v2\/types\/product"}],"replies":[{"embeddable":true,"href":"https:\/\/headless.velbehagklinikk.no\/blogg\/wp-json\/wp\/v2\/comments?post=9575"}],"wp:featuredmedia":[{"embeddable":true,"href":"https:\/\/headless.velbehagklinikk.no\/blogg\/wp-json\/wp\/v2\/media\/12302"}],"wp:attachment":[{"href":"https:\/\/headless.velbehagklinikk.no\/blogg\/wp-json\/wp\/v2\/media?parent=9575"}],"wp:term":[{"taxonomy":"product_brand","embeddable":true,"href":"https:\/\/headless.velbehagklinikk.no\/blogg\/wp-json\/wp\/v2\/product_brand?post=9575"},{"taxonomy":"product_cat","embeddable":true,"href":"https:\/\/headless.velbehagklinikk.no\/blogg\/wp-json\/wp\/v2\/product_cat?post=9575"},{"taxonomy":"product_tag","embeddable":true,"href":"https:\/\/headless.velbehagklinikk.no\/blogg\/wp-json\/wp\/v2\/product_tag?post=9575"}],"curies":[{"name":"wp","href":"https:\/\/api.w.org\/{rel}","templated":true}]}}