{"id":9578,"date":"2022-11-15T14:21:54","date_gmt":"2022-11-15T12:21:54","guid":{"rendered":"https:\/\/headless.velbehagklinikk.no\/blogg\/?post_type=product&#038;p=9578"},"modified":"2026-03-23T16:57:09","modified_gmt":"2026-03-23T14:57:09","slug":"brynslaminering-3","status":"publish","type":"product","link":"https:\/\/headless.velbehagklinikk.no\/blogg\/behandling\/brynslaminering-3\/","title":{"rendered":"Brynslaminering"},"content":{"rendered":"<p><span style=\"font-weight: 400;\">Brynslamiering er en fantastisk m\u00e5te \u00e5 gi brynene dine en mer definert form og f\u00e5 dem til \u00e5 se mer fyldige ut. V\u00e5re dyktige terapeuter vil jobbe med deg for \u00e5 finne den perfekte formen for dine bryn, slik at du kan se mer velstelt og velpleid ut. Med brynslamiering kan du spare tid p\u00e5 \u00e5 forme brynene dine hver dag, og resultatet vil vare i flere uker. Bestill din behandling i dag og la oss hjelpe deg med \u00e5 f\u00e5 dr\u00f8mmebrynene dine.<\/span><\/p>\n","protected":false},"excerpt":{"rendered":"<p>F\u00e5 wow-effekten med fyldige og markerte bryn. <span style=\"font-weight: 400;\">Inkluderer b\u00e5de voks, farge og laminering av bryn.<\/span><\/p>\n","protected":false},"featured_media":12292,"comment_status":"closed","ping_status":"closed","template":"","meta":{"_acf_changed":false},"product_brand":[],"product_cat":[3848],"product_tag":[3881,3866],"class_list":{"0":"post-9578","1":"product","2":"type-product","3":"status-publish","4":"has-post-thumbnail","6":"product_cat-behandlingsmeny","7":"product_tag-vipper-og-bryn","8":"product_tag-vipper-bryn","10":"first","11":"instock","12":"shipping-taxable","13":"product-type-simple"},"acf":[],"_links":{"self":[{"href":"https:\/\/headless.velbehagklinikk.no\/blogg\/wp-json\/wp\/v2\/product\/9578","targetHints":{"allow":["GET"]}}],"collection":[{"href":"https:\/\/headless.velbehagklinikk.no\/blogg\/wp-json\/wp\/v2\/product"}],"about":[{"href":"https:\/\/headless.velbehagklinikk.no\/blogg\/wp-json\/wp\/v2\/types\/product"}],"replies":[{"embeddable":true,"href":"https:\/\/headless.velbehagklinikk.no\/blogg\/wp-json\/wp\/v2\/comments?post=9578"}],"wp:featuredmedia":[{"embeddable":true,"href":"https:\/\/headless.velbehagklinikk.no\/blogg\/wp-json\/wp\/v2\/media\/12292"}],"wp:attachment":[{"href":"https:\/\/headless.velbehagklinikk.no\/blogg\/wp-json\/wp\/v2\/media?parent=9578"}],"wp:term":[{"taxonomy":"product_brand","embeddable":true,"href":"https:\/\/headless.velbehagklinikk.no\/blogg\/wp-json\/wp\/v2\/product_brand?post=9578"},{"taxonomy":"product_cat","embeddable":true,"href":"https:\/\/headless.velbehagklinikk.no\/blogg\/wp-json\/wp\/v2\/product_cat?post=9578"},{"taxonomy":"product_tag","embeddable":true,"href":"https:\/\/headless.velbehagklinikk.no\/blogg\/wp-json\/wp\/v2\/product_tag?post=9578"}],"curies":[{"name":"wp","href":"https:\/\/api.w.org\/{rel}","templated":true}]}}