{"id":9581,"date":"2022-11-15T14:24:08","date_gmt":"2022-11-15T12:24:08","guid":{"rendered":"https:\/\/headless.velbehagklinikk.no\/blogg\/?post_type=product&#038;p=9581"},"modified":"2026-03-23T16:56:53","modified_gmt":"2026-03-23T14:56:53","slug":"voks-harfjerning","status":"publish","type":"product","link":"https:\/\/headless.velbehagklinikk.no\/blogg\/behandling\/voks-harfjerning\/","title":{"rendered":"Voks h\u00e5rfjerning"},"content":{"rendered":"<p><span style=\"font-weight: 400;\">Voks er en semipermanent behandling for h\u00e5rfjerning p\u00e5 kropp og ansikt.\u00a0<\/span><\/p>\n<p><span style=\"font-weight: 400;\">Dersom du er lei av \u00e5 barbere og \u00f8nsker et mer langvarig resultat av din h\u00e5rfjerning er voksing et godt alternativ. Voksen p\u00e5f\u00f8res huden din f\u00f8r den fjernes raskt og effektivt for \u00e5 redusere ubehag. Varighet av behandlingen avhenger av hvor mange omr\u00e5der du \u00f8nsker \u00e5 behandle.\u00a0<\/span><\/p>\n","protected":false},"excerpt":{"rendered":"<p>Rask og effektiv fjerning av u\u00f8nsket h\u00e5r<\/p>\n","protected":false},"featured_media":12297,"comment_status":"closed","ping_status":"closed","template":"","meta":{"_acf_changed":false},"product_brand":[],"product_cat":[3848],"product_tag":[3883,3861,3866],"class_list":{"0":"post-9581","1":"product","2":"type-product","3":"status-publish","4":"has-post-thumbnail","6":"product_cat-behandlingsmeny","7":"product_tag-annet","8":"product_tag-uonsket-harvekst","9":"product_tag-vipper-bryn","11":"first","12":"instock","13":"shipping-taxable","14":"product-type-simple"},"acf":[],"_links":{"self":[{"href":"https:\/\/headless.velbehagklinikk.no\/blogg\/wp-json\/wp\/v2\/product\/9581","targetHints":{"allow":["GET"]}}],"collection":[{"href":"https:\/\/headless.velbehagklinikk.no\/blogg\/wp-json\/wp\/v2\/product"}],"about":[{"href":"https:\/\/headless.velbehagklinikk.no\/blogg\/wp-json\/wp\/v2\/types\/product"}],"replies":[{"embeddable":true,"href":"https:\/\/headless.velbehagklinikk.no\/blogg\/wp-json\/wp\/v2\/comments?post=9581"}],"wp:featuredmedia":[{"embeddable":true,"href":"https:\/\/headless.velbehagklinikk.no\/blogg\/wp-json\/wp\/v2\/media\/12297"}],"wp:attachment":[{"href":"https:\/\/headless.velbehagklinikk.no\/blogg\/wp-json\/wp\/v2\/media?parent=9581"}],"wp:term":[{"taxonomy":"product_brand","embeddable":true,"href":"https:\/\/headless.velbehagklinikk.no\/blogg\/wp-json\/wp\/v2\/product_brand?post=9581"},{"taxonomy":"product_cat","embeddable":true,"href":"https:\/\/headless.velbehagklinikk.no\/blogg\/wp-json\/wp\/v2\/product_cat?post=9581"},{"taxonomy":"product_tag","embeddable":true,"href":"https:\/\/headless.velbehagklinikk.no\/blogg\/wp-json\/wp\/v2\/product_tag?post=9581"}],"curies":[{"name":"wp","href":"https:\/\/api.w.org\/{rel}","templated":true}]}}